{"id":807,"date":"2016-07-22T22:08:21","date_gmt":"2016-07-22T21:08:21","guid":{"rendered":"http:\/\/isikizi.net\/?page_id=447"},"modified":"2021-12-29T07:20:20","modified_gmt":"2021-12-29T07:20:20","slug":"iletisim-2","status":"publish","type":"page","link":"http:\/\/genmer.net\/tr\/iletisim-2\/","title":{"rendered":"\u0130LET\u0130\u015e\u0130M"},"content":{"rendered":"<p>[et_pb_section bb_built=&#8221;1&#8243; admin_label=&#8221;section&#8221; fullwidth=&#8221;on&#8221; specialty=&#8221;off&#8221; inner_width=&#8221;90%&#8221; inner_max_width=&#8221;1200px&#8221; next_background_color=&#8221;#000000&#8243;][et_pb_fullwidth_map admin_label=&#8221;Fullwidth Map&#8221; zoom_level=&#8221;4&#8243; address_lat=&#8221;49.04856452681016&#8243; address_lng=&#8221;30.740984890625&#8243; _builder_version=&#8221;4.14.4&#8243; box_shadow_horizontal_tablet=&#8221;0px&#8221; box_shadow_vertical_tablet=&#8221;0px&#8221; box_shadow_blur_tablet=&#8221;40px&#8221; box_shadow_spread_tablet=&#8221;0px&#8221; vertical_offset_tablet=&#8221;0&#8243; horizontal_offset_tablet=&#8221;0&#8243; z_index_tablet=&#8221;0&#8243; mouse_wheel=&#8221;off&#8221;][et_pb_map_pin title=&#8221;Headquarters&#8221; pin_address=&#8221;G\u00fclbahar, Otello Kamil Sk. No:2, 34394 \u015ei\u015fli\/\u0130stanbul, Turkey&#8221; pin_address_lat=&#8221;41.06837484226787&#8243; pin_address_lng=&#8221;29.001827943316584&#8243; _builder_version=&#8221;4.14.4&#8243; \/][et_pb_map_pin title=&#8221;Fabrika&#8221; pin_address=&#8221;Ali R\u0131za \u00d6zt\u00fcrk Cd. No:1, 20330 Denizli OSB\/Honaz\/Denizli, Turkey&#8221; pin_address_lat=&#8221;37.804780968925435&#8243; pin_address_lng=&#8221;29.24386011796878&#8243; _builder_version=&#8221;4.14.4&#8243; \/][et_pb_map_pin title=&#8221;Moskova&#8221; pin_address=&#8221;ul. Sadovaya, Rumyantsevo, Moskovskaya oblast&#8217;, Russia, 119620&#8243; pin_address_lat=&#8221;55.6345056&#8243; pin_address_lng=&#8221;37.422367699999995&#8243; _builder_version=&#8221;4.14.4&#8243; \/][\/et_pb_fullwidth_map][\/et_pb_section][et_pb_section bb_built=&#8221;1&#8243; admin_label=&#8221;section&#8221; fullwidth=&#8221;off&#8221; inner_width=&#8221;90%&#8221; inner_max_width=&#8221;1200px&#8221; prev_background_color=&#8221;#000000&#8243;][et_pb_row admin_label=&#8221;row&#8221; background_position=&#8221;top_left&#8221; background_repeat=&#8221;repeat&#8221; background_size=&#8221;initial&#8221; width=&#8221;90%&#8221; max_width=&#8221;1200px&#8221;][et_pb_column type=&#8221;1_2&#8243; custom_padding__hover=&#8221;|||&#8221; custom_padding=&#8221;|||&#8221;][et_pb_contact_form admin_label=&#8221;Contact Form&#8221; captcha=&#8221;off&#8221; title=&#8221;\u0130leti\u015fim Formu&#8221; use_redirect=&#8221;off&#8221; input_border_radius=&#8221;0&#8243; use_border_color=&#8221;off&#8221; border_color=&#8221;#ffffff&#8221; border_style=&#8221;solid&#8221; custom_button=&#8221;off&#8221; button_letter_spacing=&#8221;0&#8243; button_use_icon=&#8221;default&#8221; button_icon_placement=&#8221;right&#8221; button_on_hover=&#8221;on&#8221; button_letter_spacing_hover=&#8221;0&#8243; border_radii=&#8221;on|0px|0px|0px|0px&#8221;][et_pb_contact_field field_title=&#8221;Name&#8221; field_type=&#8221;input&#8221; field_id=&#8221;Name&#8221; required_mark=&#8221;on&#8221; fullwidth_field=&#8221;off&#8221; \/][et_pb_contact_field field_title=&#8221;Email Address&#8221; field_type=&#8221;email&#8221; field_id=&#8221;Email&#8221; required_mark=&#8221;on&#8221; fullwidth_field=&#8221;off&#8221; \/][et_pb_contact_field field_title=&#8221;Message&#8221; field_type=&#8221;text&#8221; field_id=&#8221;Message&#8221; required_mark=&#8221;on&#8221; \/][\/et_pb_contact_form][\/et_pb_column][et_pb_column type=&#8221;1_2&#8243; custom_padding__hover=&#8221;|||&#8221; custom_padding=&#8221;|||&#8221;][et_pb_text admin_label=&#8221;Text&#8221; use_border_color=&#8221;off&#8221; background_position=&#8221;top_left&#8221; background_repeat=&#8221;repeat&#8221; background_size=&#8221;initial&#8221; _builder_version=&#8221;4.14.4&#8243; text_text_shadow_horizontal_length=&#8221;text_text_shadow_style,%91object Object%93&#8243; text_text_shadow_horizontal_length_tablet=&#8221;0px&#8221; text_text_shadow_vertical_length=&#8221;text_text_shadow_style,%91object Object%93&#8243; text_text_shadow_vertical_length_tablet=&#8221;0px&#8221; text_text_shadow_blur_strength=&#8221;text_text_shadow_style,%91object Object%93&#8243; text_text_shadow_blur_strength_tablet=&#8221;1px&#8221; link_text_shadow_horizontal_length=&#8221;link_text_shadow_style,%91object Object%93&#8243; link_text_shadow_horizontal_length_tablet=&#8221;0px&#8221; link_text_shadow_vertical_length=&#8221;link_text_shadow_style,%91object Object%93&#8243; link_text_shadow_vertical_length_tablet=&#8221;0px&#8221; link_text_shadow_blur_strength=&#8221;link_text_shadow_style,%91object Object%93&#8243; link_text_shadow_blur_strength_tablet=&#8221;1px&#8221; ul_text_shadow_horizontal_length=&#8221;ul_text_shadow_style,%91object Object%93&#8243; ul_text_shadow_horizontal_length_tablet=&#8221;0px&#8221; ul_text_shadow_vertical_length=&#8221;ul_text_shadow_style,%91object Object%93&#8243; ul_text_shadow_vertical_length_tablet=&#8221;0px&#8221; ul_text_shadow_blur_strength=&#8221;ul_text_shadow_style,%91object Object%93&#8243; ul_text_shadow_blur_strength_tablet=&#8221;1px&#8221; ol_text_shadow_horizontal_length=&#8221;ol_text_shadow_style,%91object Object%93&#8243; ol_text_shadow_horizontal_length_tablet=&#8221;0px&#8221; ol_text_shadow_vertical_length=&#8221;ol_text_shadow_style,%91object Object%93&#8243; ol_text_shadow_vertical_length_tablet=&#8221;0px&#8221; ol_text_shadow_blur_strength=&#8221;ol_text_shadow_style,%91object Object%93&#8243; ol_text_shadow_blur_strength_tablet=&#8221;1px&#8221; quote_text_shadow_horizontal_length=&#8221;quote_text_shadow_style,%91object Object%93&#8243; quote_text_shadow_horizontal_length_tablet=&#8221;0px&#8221; quote_text_shadow_vertical_length=&#8221;quote_text_shadow_style,%91object Object%93&#8243; quote_text_shadow_vertical_length_tablet=&#8221;0px&#8221; quote_text_shadow_blur_strength=&#8221;quote_text_shadow_style,%91object Object%93&#8243; quote_text_shadow_blur_strength_tablet=&#8221;1px&#8221; header_text_shadow_horizontal_length=&#8221;header_text_shadow_style,%91object Object%93&#8243; header_text_shadow_horizontal_length_tablet=&#8221;0px&#8221; header_text_shadow_vertical_length=&#8221;header_text_shadow_style,%91object Object%93&#8243; header_text_shadow_vertical_length_tablet=&#8221;0px&#8221; header_text_shadow_blur_strength=&#8221;header_text_shadow_style,%91object Object%93&#8243; header_text_shadow_blur_strength_tablet=&#8221;1px&#8221; header_2_text_shadow_horizontal_length=&#8221;header_2_text_shadow_style,%91object Object%93&#8243; header_2_text_shadow_horizontal_length_tablet=&#8221;0px&#8221; header_2_text_shadow_vertical_length=&#8221;header_2_text_shadow_style,%91object Object%93&#8243; header_2_text_shadow_vertical_length_tablet=&#8221;0px&#8221; header_2_text_shadow_blur_strength=&#8221;header_2_text_shadow_style,%91object Object%93&#8243; header_2_text_shadow_blur_strength_tablet=&#8221;1px&#8221; header_3_text_shadow_horizontal_length=&#8221;header_3_text_shadow_style,%91object Object%93&#8243; header_3_text_shadow_horizontal_length_tablet=&#8221;0px&#8221; header_3_text_shadow_vertical_length=&#8221;header_3_text_shadow_style,%91object Object%93&#8243; header_3_text_shadow_vertical_length_tablet=&#8221;0px&#8221; header_3_text_shadow_blur_strength=&#8221;header_3_text_shadow_style,%91object Object%93&#8243; header_3_text_shadow_blur_strength_tablet=&#8221;1px&#8221; header_4_text_shadow_horizontal_length=&#8221;header_4_text_shadow_style,%91object Object%93&#8243; header_4_text_shadow_horizontal_length_tablet=&#8221;0px&#8221; header_4_text_shadow_vertical_length=&#8221;header_4_text_shadow_style,%91object Object%93&#8243; header_4_text_shadow_vertical_length_tablet=&#8221;0px&#8221; header_4_text_shadow_blur_strength=&#8221;header_4_text_shadow_style,%91object Object%93&#8243; header_4_text_shadow_blur_strength_tablet=&#8221;1px&#8221; header_5_text_shadow_horizontal_length=&#8221;header_5_text_shadow_style,%91object Object%93&#8243; header_5_text_shadow_horizontal_length_tablet=&#8221;0px&#8221; header_5_text_shadow_vertical_length=&#8221;header_5_text_shadow_style,%91object Object%93&#8243; header_5_text_shadow_vertical_length_tablet=&#8221;0px&#8221; header_5_text_shadow_blur_strength=&#8221;header_5_text_shadow_style,%91object Object%93&#8243; header_5_text_shadow_blur_strength_tablet=&#8221;1px&#8221; header_6_text_shadow_horizontal_length=&#8221;header_6_text_shadow_style,%91object Object%93&#8243; header_6_text_shadow_horizontal_length_tablet=&#8221;0px&#8221; header_6_text_shadow_vertical_length=&#8221;header_6_text_shadow_style,%91object Object%93&#8243; header_6_text_shadow_vertical_length_tablet=&#8221;0px&#8221; header_6_text_shadow_blur_strength=&#8221;header_6_text_shadow_style,%91object Object%93&#8243; header_6_text_shadow_blur_strength_tablet=&#8221;1px&#8221; box_shadow_horizontal_tablet=&#8221;0px&#8221; box_shadow_vertical_tablet=&#8221;0px&#8221; box_shadow_blur_tablet=&#8221;40px&#8221; box_shadow_spread_tablet=&#8221;0px&#8221; vertical_offset_tablet=&#8221;0&#8243; horizontal_offset_tablet=&#8221;0&#8243; z_index_tablet=&#8221;0&#8243;]<\/p>\n<h3>T\u00fcrkiye<\/h3>\n<div class=\"et_pb_text et_pb_module et_pb_bg_layout_light et_pb_text_align_left et_pb_text_0\">\n<p><strong>GEN \u0130N\u015eAAT M\u0130MARLIK DEKORASYON SAN. VE T\u0130C. LTD. \u015eT\u0130.<br \/>Genel Merkez: <\/strong>G\u00fclbahar Mah.\u00a0Otello Kamil Sok, Zeren Apt\u00a0No: 2\/4, Mecidiyek\u00f6y,\u00a0\u015ei\u015fli\u00a0\u0130stanbul,\u00a0T\u00fcrkiye<br \/><strong>Tel:<\/strong>\u00a00 212 216 1601\u00a0<strong>Mail:<\/strong>\u00a0info@genmer.net<\/p>\n<p><strong>GEN MERMER MADENC\u0130L\u0130K SAN. VE T\u0130C. LTD. \u015eT\u0130.<br \/><\/strong><strong>Denizli Fabrika:<\/strong>Denizli OSB mahallesi 1. K\u0131s\u0131m, Nezaketkoru cad no 11 Honaz-Denizli<br \/><strong>Tel:<\/strong>\u00a00 258 999 1852 <strong>Mail:<\/strong> hamit@genmer.net<\/p>\n<\/div>\n<hr class=\"et_pb_module et_pb_space et_pb_divider et_pb_divider_0 et-hide-mobile\" \/>\n<div class=\"et_pb_text et_pb_module et_pb_bg_layout_light et_pb_text_align_left et_pb_text_1\">\n<h3>Rusya<\/h3>\n<p><strong>GENMAR LLC<br \/>Adres:<\/strong>Leninskiy Pr. 113\/1 Office E905 117198, Moscow, Russia<br \/><strong>Tel:<\/strong>\u00a0+7499-5798972\u00a0 \u2013 \u00a0+7495-2155763 add. 127\u00a0 <strong>Mail:<\/strong> info@genmer.net<\/p>\n<\/div>\n<p>[\/et_pb_text][\/et_pb_column][\/et_pb_row][\/et_pb_section]<\/p>","protected":false},"excerpt":{"rendered":"<p>T\u00fcrkiye GEN \u0130N\u015eAAT M\u0130MARLIK DEKORASYON SAN. VE T\u0130C. LTD. \u015eT\u0130.Genel Merkez: G\u00fclbahar Mah.\u00a0Otello Kamil Sok, Zeren Apt\u00a0No: 2\/4, Mecidiyek\u00f6y,\u00a0\u015ei\u015fli\u00a0\u0130stanbul,\u00a0T\u00fcrkiyeTel:\u00a00 212 216 1601\u00a0Mail:\u00a0info@genmer.net GEN MERMER MADENC\u0130L\u0130K SAN. VE T\u0130C. LTD. \u015eT\u0130.Denizli Fabrika:Denizli OSB mahallesi 1. K\u0131s\u0131m, Nezaketkoru cad no 11 Honaz-DenizliTel:\u00a00 258 999 1852 Mail: hamit@genmer.net Rusya GENMAR LLCAdres:Leninskiy Pr. 113\/1 Office E905 117198, Moscow, RussiaTel:\u00a0+7499-5798972\u00a0 [&hellip;]<\/p>\n","protected":false},"author":1,"featured_media":0,"parent":0,"menu_order":5,"comment_status":"closed","ping_status":"closed","template":"","meta":{"_et_pb_use_builder":"on","_et_pb_old_content":"","_et_gb_content_width":"","footnotes":""},"class_list":["post-807","page","type-page","status-publish","hentry"],"jetpack_sharing_enabled":true,"_links":{"self":[{"href":"http:\/\/genmer.net\/tr\/wp-json\/wp\/v2\/pages\/807"}],"collection":[{"href":"http:\/\/genmer.net\/tr\/wp-json\/wp\/v2\/pages"}],"about":[{"href":"http:\/\/genmer.net\/tr\/wp-json\/wp\/v2\/types\/page"}],"author":[{"embeddable":true,"href":"http:\/\/genmer.net\/tr\/wp-json\/wp\/v2\/users\/1"}],"replies":[{"embeddable":true,"href":"http:\/\/genmer.net\/tr\/wp-json\/wp\/v2\/comments?post=807"}],"version-history":[{"count":6,"href":"http:\/\/genmer.net\/tr\/wp-json\/wp\/v2\/pages\/807\/revisions"}],"predecessor-version":[{"id":1311,"href":"http:\/\/genmer.net\/tr\/wp-json\/wp\/v2\/pages\/807\/revisions\/1311"}],"wp:attachment":[{"href":"http:\/\/genmer.net\/tr\/wp-json\/wp\/v2\/media?parent=807"}],"curies":[{"name":"wp","href":"https:\/\/api.w.org\/{rel}","templated":true}]}}