{"id":563,"date":"2016-08-01T16:51:55","date_gmt":"2016-08-01T15:51:55","guid":{"rendered":"http:\/\/isikizi.net\/?page_id=563"},"modified":"2016-08-09T13:55:33","modified_gmt":"2016-08-09T13:55:33","slug":"taksim-square","status":"publish","type":"page","link":"http:\/\/genmer.net\/tr\/islerimiz\/taksim-square\/","title":{"rendered":"TAKSIM SQUARE"},"content":{"rendered":"<p>[et_pb_section admin_label=&#8221;section&#8221; transparent_background=&#8221;off&#8221; background_color=&#8221;#ffffff&#8221; allow_player_pause=&#8221;off&#8221; inner_shadow=&#8221;off&#8221; parallax=&#8221;off&#8221; parallax_method=&#8221;off&#8221; custom_padding=&#8221;0px|0px|0px|0px&#8221; padding_mobile=&#8221;off&#8221; make_fullwidth=&#8221;off&#8221; use_custom_width=&#8221;off&#8221; width_unit=&#8221;on&#8221; make_equal=&#8221;off&#8221; use_custom_gutter=&#8221;off&#8221;][et_pb_row admin_label=&#8221;row&#8221; make_fullwidth=&#8221;on&#8221; use_custom_width=&#8221;off&#8221; width_unit=&#8221;on&#8221; use_custom_gutter=&#8221;on&#8221; padding_mobile=&#8221;off&#8221; allow_player_pause=&#8221;off&#8221; parallax=&#8221;off&#8221; parallax_method=&#8221;off&#8221; make_equal=&#8221;off&#8221; parallax_1=&#8221;off&#8221; parallax_method_1=&#8221;off&#8221; column_padding_mobile=&#8221;on&#8221; gutter_width=&#8221;1&#8243; custom_padding=&#8221;0px|0px|0px|0px&#8221;][et_pb_column type=&#8221;4_4&#8243;][et_pb_text admin_label=&#8221;Text&#8221; background_layout=&#8221;light&#8221; text_orientation=&#8221;left&#8221; use_border_color=&#8221;off&#8221; border_color=&#8221;#ffffff&#8221; border_style=&#8221;solid&#8221; custom_margin=&#8221;0px|0px|0px|0px&#8221; custom_padding=&#8221;0px|0px|0px|0px&#8221;]<\/p>\n\n<p>[\/et_pb_text][et_pb_text admin_label=&#8221;Text&#8221; background_layout=&#8221;light&#8221; text_orientation=&#8221;center&#8221; use_border_color=&#8221;off&#8221; border_color=&#8221;#ffffff&#8221; border_style=&#8221;solid&#8221; custom_padding=&#8221;0px|250px|0px|250px&#8221; custom_padding_tablet=&#8221;0px|50px|0px|50px&#8221; custom_padding_phone=&#8221;10px|10px|10px|10px&#8221; custom_padding_last_edited=&#8221;on|phone&#8221;]<\/p>\n<p>Taksim meydan\u0131nda yer alan klasik mimari 23 d\u00fckkan\u0131n cepheleri, orjinal geometri ve mimari elemanlar\u0131na sad\u0131k kal\u0131narak yenilenmi\u015ftir.<\/p>\n<p>Kolon, korni\u015f ve duvar kaplamalar\u0131ndan olu\u015fan cepheye ait t\u00fcm ta\u015flar, kendi \u00fcretim merkezimizde imal edilmi\u015f ve profesyonel ekiplerimizce uygulamas\u0131 ger\u00e7ekle\u015ftirilmi\u015ftir.<\/p>\n<p>&nbsp;<\/p>\n<p>&nbsp;<\/p>\n<p>[\/et_pb_text][\/et_pb_column][\/et_pb_row][\/et_pb_section]<\/p>","protected":false},"excerpt":{"rendered":"<p> Taksim meydan\u0131nda yer alan klasik mimari 23 d\u00fckkan\u0131n cepheleri, orjinal geometri ve mimari elemanlar\u0131na sad\u0131k kal\u0131narak yenilenmi\u015ftir. Kolon, korni\u015f ve duvar kaplamalar\u0131ndan olu\u015fan cepheye ait t\u00fcm ta\u015flar, kendi \u00fcretim merkezimizde imal edilmi\u015f ve profesyonel ekiplerimizce uygulamas\u0131 ger\u00e7ekle\u015ftirilmi\u015ftir. &nbsp; &nbsp;<\/p>\n","protected":false},"author":1,"featured_media":0,"parent":444,"menu_order":11,"comment_status":"closed","ping_status":"closed","template":"","meta":{"_et_pb_use_builder":"on","_et_pb_old_content":"","_et_gb_content_width":"","footnotes":""},"class_list":["post-563","page","type-page","status-publish","hentry"],"jetpack_sharing_enabled":true,"_links":{"self":[{"href":"http:\/\/genmer.net\/tr\/wp-json\/wp\/v2\/pages\/563"}],"collection":[{"href":"http:\/\/genmer.net\/tr\/wp-json\/wp\/v2\/pages"}],"about":[{"href":"http:\/\/genmer.net\/tr\/wp-json\/wp\/v2\/types\/page"}],"author":[{"embeddable":true,"href":"http:\/\/genmer.net\/tr\/wp-json\/wp\/v2\/users\/1"}],"replies":[{"embeddable":true,"href":"http:\/\/genmer.net\/tr\/wp-json\/wp\/v2\/comments?post=563"}],"version-history":[{"count":0,"href":"http:\/\/genmer.net\/tr\/wp-json\/wp\/v2\/pages\/563\/revisions"}],"up":[{"embeddable":true,"href":"http:\/\/genmer.net\/tr\/wp-json\/wp\/v2\/pages\/444"}],"wp:attachment":[{"href":"http:\/\/genmer.net\/tr\/wp-json\/wp\/v2\/media?parent=563"}],"curies":[{"name":"wp","href":"https:\/\/api.w.org\/{rel}","templated":true}]}}