{"id":550,"date":"2016-08-01T16:45:44","date_gmt":"2016-08-01T15:45:44","guid":{"rendered":"http:\/\/isikizi.net\/?page_id=550"},"modified":"2016-08-09T13:51:44","modified_gmt":"2016-08-09T13:51:44","slug":"private-residence-zhoukovka","status":"publish","type":"page","link":"http:\/\/genmer.net\/tr\/islerimiz\/private-residence-zhoukovka\/","title":{"rendered":"\u00d6ZEL V\u0130LLA, ZHOUKOVKA, MOSKOVA"},"content":{"rendered":"<p>[et_pb_section admin_label=&#8221;section&#8221; transparent_background=&#8221;off&#8221; background_color=&#8221;#ffffff&#8221; allow_player_pause=&#8221;off&#8221; inner_shadow=&#8221;off&#8221; parallax=&#8221;off&#8221; parallax_method=&#8221;off&#8221; custom_padding=&#8221;0px|0px|0px|0px&#8221; padding_mobile=&#8221;off&#8221; make_fullwidth=&#8221;off&#8221; use_custom_width=&#8221;off&#8221; width_unit=&#8221;on&#8221; make_equal=&#8221;off&#8221; use_custom_gutter=&#8221;off&#8221;][et_pb_row admin_label=&#8221;row&#8221; make_fullwidth=&#8221;on&#8221; use_custom_width=&#8221;off&#8221; width_unit=&#8221;on&#8221; use_custom_gutter=&#8221;on&#8221; padding_mobile=&#8221;off&#8221; allow_player_pause=&#8221;off&#8221; parallax=&#8221;off&#8221; parallax_method=&#8221;off&#8221; make_equal=&#8221;off&#8221; parallax_1=&#8221;off&#8221; parallax_method_1=&#8221;off&#8221; column_padding_mobile=&#8221;on&#8221; gutter_width=&#8221;1&#8243; custom_padding=&#8221;0px|0px|0px|0px&#8221;][et_pb_column type=&#8221;4_4&#8243;][et_pb_text admin_label=&#8221;Text&#8221; background_layout=&#8221;light&#8221; text_orientation=&#8221;left&#8221; use_border_color=&#8221;off&#8221; border_color=&#8221;#ffffff&#8221; border_style=&#8221;solid&#8221; custom_margin=&#8221;0px|0px|0px|0px&#8221; custom_padding=&#8221;0px|0px|0px|0px&#8221;]<\/p>\n\n<p>[\/et_pb_text][et_pb_text admin_label=&#8221;Text&#8221; background_layout=&#8221;light&#8221; text_orientation=&#8221;center&#8221; use_border_color=&#8221;off&#8221; border_color=&#8221;#ffffff&#8221; border_style=&#8221;solid&#8221; custom_padding=&#8221;0px|250px|0px|250px&#8221; custom_padding_tablet=&#8221;0px|50px|0px|50px&#8221; custom_padding_phone=&#8221;10px|10px|10px|10px&#8221; custom_padding_last_edited=&#8221;on|phone&#8221;]<\/p>\n<p>Projenin konsept dizayn\u0131 \u0130talyan Mimar tasarlanm\u0131\u015ft\u0131r. Mimari grubumuz, konsept projeye ba\u011fl\u0131 kalarak t\u00fcm uygulama detaylar\u0131n\u0131 ve ta\u015f imalat projelerini haz\u0131rlam\u0131\u015ft\u0131r.<\/p>\n<p>Proje, kolon, kap\u0131 ve Pencere s\u00f6veleri gibi klasik mimari elamanlardan olu\u015fan cephe kaplamalar\u0131, Sofistike i\u00e7 mekan yer ve duvar kaplamalar\u0131, \u00f6zel mozaik imalatlar\u0131n\u0131, waterjet uygulamalar\u0131n\u0131 i\u00e7erir.<\/p>\n<p>Geleneksel method ile \u00fcretilen \u0130znik \u00c7ini uygulamas\u0131 da projenin ba\u015fka bir ilgi \u00e7eken noktas\u0131d\u0131r.<\/p>\n<p>Toplamda 4.500 m2, T\u00fcrk, \u0130talyan, \u0130spanya, mermerleri ile Rus ve \u00c7in granitlerinin final imalat\u0131, T\u00fcrkiye ve Rusya\u2019daki \u00fcretim merkezlerimizde yap\u0131lm\u0131\u015ft\u0131r.<\/p>\n<p>T\u00fcm malzemelerin se\u00e7imi ve uygulamalar\u0131 \u00f6zenle GEN ekiplerince yap\u0131lm\u0131\u015ft\u0131r.<\/p>\n<p>&nbsp;<\/p>\n<p>[\/et_pb_text][\/et_pb_column][\/et_pb_row][\/et_pb_section]<\/p>","protected":false},"excerpt":{"rendered":"<p> Projenin konsept dizayn\u0131 \u0130talyan Mimar tasarlanm\u0131\u015ft\u0131r. Mimari grubumuz, konsept projeye ba\u011fl\u0131 kalarak t\u00fcm uygulama detaylar\u0131n\u0131 ve ta\u015f imalat projelerini haz\u0131rlam\u0131\u015ft\u0131r. Proje, kolon, kap\u0131 ve Pencere s\u00f6veleri gibi klasik mimari elamanlardan olu\u015fan cephe kaplamalar\u0131, Sofistike i\u00e7 mekan yer ve duvar kaplamalar\u0131, \u00f6zel mozaik imalatlar\u0131n\u0131, waterjet uygulamalar\u0131n\u0131 i\u00e7erir. Geleneksel method ile \u00fcretilen \u0130znik \u00c7ini uygulamas\u0131 [&hellip;]<\/p>\n","protected":false},"author":1,"featured_media":0,"parent":444,"menu_order":7,"comment_status":"closed","ping_status":"closed","template":"","meta":{"_et_pb_use_builder":"on","_et_pb_old_content":"","_et_gb_content_width":"","footnotes":""},"class_list":["post-550","page","type-page","status-publish","hentry"],"jetpack_sharing_enabled":true,"_links":{"self":[{"href":"http:\/\/genmer.net\/tr\/wp-json\/wp\/v2\/pages\/550"}],"collection":[{"href":"http:\/\/genmer.net\/tr\/wp-json\/wp\/v2\/pages"}],"about":[{"href":"http:\/\/genmer.net\/tr\/wp-json\/wp\/v2\/types\/page"}],"author":[{"embeddable":true,"href":"http:\/\/genmer.net\/tr\/wp-json\/wp\/v2\/users\/1"}],"replies":[{"embeddable":true,"href":"http:\/\/genmer.net\/tr\/wp-json\/wp\/v2\/comments?post=550"}],"version-history":[{"count":0,"href":"http:\/\/genmer.net\/tr\/wp-json\/wp\/v2\/pages\/550\/revisions"}],"up":[{"embeddable":true,"href":"http:\/\/genmer.net\/tr\/wp-json\/wp\/v2\/pages\/444"}],"wp:attachment":[{"href":"http:\/\/genmer.net\/tr\/wp-json\/wp\/v2\/media?parent=550"}],"curies":[{"name":"wp","href":"https:\/\/api.w.org\/{rel}","templated":true}]}}