{"id":487,"date":"2016-07-28T12:38:39","date_gmt":"2016-07-28T11:38:39","guid":{"rendered":"http:\/\/isikizi.net\/?page_id=487"},"modified":"2016-08-09T13:37:22","modified_gmt":"2016-08-09T13:37:22","slug":"multifunctionctional-complex-kuntsevo-plaza","status":"publish","type":"page","link":"http:\/\/genmer.net\/tr\/islerimiz\/multifunctionctional-complex-kuntsevo-plaza\/","title":{"rendered":"MULTIFUNCTIONCTIONAL COMPLEX KUNTSEVO PLAZA"},"content":{"rendered":"<p>[et_pb_section admin_label=&#8221;section&#8221; transparent_background=&#8221;off&#8221; background_color=&#8221;#ffffff&#8221; allow_player_pause=&#8221;off&#8221; inner_shadow=&#8221;off&#8221; parallax=&#8221;off&#8221; parallax_method=&#8221;off&#8221; custom_padding=&#8221;0px|0px|0px|0px&#8221; padding_mobile=&#8221;off&#8221; make_fullwidth=&#8221;off&#8221; use_custom_width=&#8221;off&#8221; width_unit=&#8221;on&#8221; make_equal=&#8221;off&#8221; use_custom_gutter=&#8221;off&#8221;][et_pb_row admin_label=&#8221;row&#8221; make_fullwidth=&#8221;on&#8221; use_custom_width=&#8221;off&#8221; width_unit=&#8221;on&#8221; use_custom_gutter=&#8221;on&#8221; padding_mobile=&#8221;off&#8221; allow_player_pause=&#8221;off&#8221; parallax=&#8221;off&#8221; parallax_method=&#8221;off&#8221; make_equal=&#8221;off&#8221; parallax_1=&#8221;off&#8221; parallax_method_1=&#8221;off&#8221; column_padding_mobile=&#8221;on&#8221; gutter_width=&#8221;1&#8243; custom_padding=&#8221;0px|0px||0px&#8221;][et_pb_column type=&#8221;4_4&#8243;][et_pb_text admin_label=&#8221;Text&#8221; background_layout=&#8221;light&#8221; text_orientation=&#8221;left&#8221; use_border_color=&#8221;off&#8221; border_color=&#8221;#ffffff&#8221; border_style=&#8221;solid&#8221; custom_margin=&#8221;0px|0px|0px|0px&#8221; custom_padding=&#8221;0px|0px|0px|0px&#8221;]<\/p>\n\n<p>[\/et_pb_text][et_pb_text admin_label=&#8221;Text&#8221; background_layout=&#8221;light&#8221; text_orientation=&#8221;center&#8221; use_border_color=&#8221;off&#8221; border_color=&#8221;#ffffff&#8221; border_style=&#8221;solid&#8221; custom_padding=&#8221;0px|250px|0px|250px&#8221; custom_padding_tablet=&#8221;0px|50px|0px|50px&#8221; custom_padding_phone=&#8221;10px|10px|10px|10px&#8221; custom_padding_last_edited=&#8221;on|phone&#8221;]<\/p>\n<p>&nbsp;<\/p>\n<p class=\"p1\">D\u0131\u015f ve i\u00e7 duvar kaplamalar\u0131, yer d\u00f6\u015femeleri, merdivenler ve massif dekorative elemanlardan olu\u015fan projeye 50.600 m2 granit ile beraber cephe montaj sistemine ait konstr\u00fcksiyonlar ve ankrajlar\u0131 projelerine uygun \u015fekilde sa\u011flanm\u0131\u015ft\u0131r.<\/p>\n<p class=\"p1\">Konsept proje a\u015famas\u0131ndan ba\u015flamak \u00fczere, t\u00fcm uyguma \u00e7izimleri, cephe ta\u015f\u0131y\u0131c\u0131 sistemlerinin dizayn\u0131 ve projelendirilmesi mimari grubumuz taraf\u0131ndan haz\u0131rlanm\u0131\u015ft\u0131r.<\/p>\n<p class=\"p1\">Hindistan, \u00c7in, Afrika, Norve\u00e7 ve Rus ta\u015flar\u0131, uzman ekiplerimizin, ilgili \u00fcretim merkezlerinde ki titiz kontrol\u00fc ile in\u015faat sahas\u0131na ula\u015ft\u0131r\u0131lm\u0131\u015ft\u0131r. Ayr\u0131ca uygulama s\u00fcrecinde dan\u0131\u015fmanl\u0131k hizmeti de verilmi\u015ftir.<\/p>\n<p>[\/et_pb_text][\/et_pb_column][\/et_pb_row][\/et_pb_section]<\/p>","protected":false},"excerpt":{"rendered":"<p> &nbsp; D\u0131\u015f ve i\u00e7 duvar kaplamalar\u0131, yer d\u00f6\u015femeleri, merdivenler ve massif dekorative elemanlardan olu\u015fan projeye 50.600 m2 granit ile beraber cephe montaj sistemine ait konstr\u00fcksiyonlar ve ankrajlar\u0131 projelerine uygun \u015fekilde sa\u011flanm\u0131\u015ft\u0131r. Konsept proje a\u015famas\u0131ndan ba\u015flamak \u00fczere, t\u00fcm uyguma \u00e7izimleri, cephe ta\u015f\u0131y\u0131c\u0131 sistemlerinin dizayn\u0131 ve projelendirilmesi mimari grubumuz taraf\u0131ndan haz\u0131rlanm\u0131\u015ft\u0131r. Hindistan, \u00c7in, Afrika, Norve\u00e7 [&hellip;]<\/p>\n","protected":false},"author":1,"featured_media":0,"parent":444,"menu_order":0,"comment_status":"closed","ping_status":"closed","template":"","meta":{"_et_pb_use_builder":"on","_et_pb_old_content":"","_et_gb_content_width":"","footnotes":""},"class_list":["post-487","page","type-page","status-publish","hentry"],"jetpack_sharing_enabled":true,"_links":{"self":[{"href":"http:\/\/genmer.net\/tr\/wp-json\/wp\/v2\/pages\/487"}],"collection":[{"href":"http:\/\/genmer.net\/tr\/wp-json\/wp\/v2\/pages"}],"about":[{"href":"http:\/\/genmer.net\/tr\/wp-json\/wp\/v2\/types\/page"}],"author":[{"embeddable":true,"href":"http:\/\/genmer.net\/tr\/wp-json\/wp\/v2\/users\/1"}],"replies":[{"embeddable":true,"href":"http:\/\/genmer.net\/tr\/wp-json\/wp\/v2\/comments?post=487"}],"version-history":[{"count":0,"href":"http:\/\/genmer.net\/tr\/wp-json\/wp\/v2\/pages\/487\/revisions"}],"up":[{"embeddable":true,"href":"http:\/\/genmer.net\/tr\/wp-json\/wp\/v2\/pages\/444"}],"wp:attachment":[{"href":"http:\/\/genmer.net\/tr\/wp-json\/wp\/v2\/media?parent=487"}],"curies":[{"name":"wp","href":"https:\/\/api.w.org\/{rel}","templated":true}]}}