{"id":807,"date":"2016-07-22T22:08:21","date_gmt":"2016-07-22T21:08:21","guid":{"rendered":"http:\/\/isikizi.net\/?page_id=447"},"modified":"2021-12-29T07:20:20","modified_gmt":"2021-12-29T07:20:20","slug":"iletisim-2","status":"publish","type":"page","link":"http:\/\/genmer.net\/ru\/iletisim-2\/","title":{"rendered":"CONTACT"},"content":{"rendered":"<p>[et_pb_section bb_built=&#187;1&#8243; admin_label=&#187;section&#187; fullwidth=&#187;on&#187; specialty=&#187;off&#187; inner_width=&#187;90%&#187; inner_max_width=&#187;1200px&#187; next_background_color=&#187;#000000&#8243;][et_pb_fullwidth_map admin_label=&#187;Fullwidth Map&#187; zoom_level=&#187;4&#8243; address_lat=&#187;48.70173138440532&#8243; address_lng=&#187;29.774188015625&#8243; mouse_wheel=&#187;off&#187; _builder_version=&#187;4.14.4&#8243; box_shadow_horizontal_tablet=&#187;0px&#187; box_shadow_vertical_tablet=&#187;0px&#187; box_shadow_blur_tablet=&#187;40px&#187; box_shadow_spread_tablet=&#187;0px&#187; vertical_offset_tablet=&#187;0&#8243; horizontal_offset_tablet=&#187;0&#8243; z_index_tablet=&#187;0&#8243;][et_pb_map_pin title=&#187;Headquarters&#187; pin_address=&#187;G\u00fclbahar, Otello Kamil Sk. No:2, 34394 \u015ei\u015fli\/\u0130stanbul, Turkey&#187; pin_address_lat=&#187;41.06837484226787&#8243; pin_address_lng=&#187;29.001827943316584&#8243; _builder_version=&#187;4.14.4&#8243; \/][et_pb_map_pin title=&#187;Fabrika&#187; pin_address=&#187;Ali R\u0131za \u00d6zt\u00fcrk Cd. No:1, 20330 Denizli OSB\/Honaz\/Denizli, Turkey&#187; pin_address_lat=&#187;37.804780968925435&#8243; pin_address_lng=&#187;29.24386011796878&#8243; _builder_version=&#187;4.14.4&#8243; \/][et_pb_map_pin title=&#187;Moskova&#187; pin_address=&#187;ul. Sadovaya, Rumyantsevo, Moskovskaya oblast&#8217;, Russia, 119620&#8243; pin_address_lat=&#187;55.6345056&#8243; pin_address_lng=&#187;37.422367699999995&#8243; _builder_version=&#187;4.14.4&#8243; \/][\/et_pb_fullwidth_map][\/et_pb_section][et_pb_section bb_built=&#187;1&#8243; admin_label=&#187;section&#187; fullwidth=&#187;off&#187; inner_width=&#187;90%&#187; inner_max_width=&#187;1200px&#187; prev_background_color=&#187;#000000&#8243;][et_pb_row admin_label=&#187;row&#187; width=&#187;90%&#187; max_width=&#187;1200px&#187;][et_pb_column type=&#187;1_2&#8243; custom_padding=&#187;|||&#187;][et_pb_contact_form admin_label=&#187;Contact Form&#187; captcha=&#187;off&#187; title=&#187;\u0130leti\u015fim Formu&#187; use_redirect=&#187;off&#187; input_border_radius=&#187;0&#8243; use_border_color=&#187;off&#187; border_color=&#187;#ffffff&#187; border_style=&#187;solid&#187; custom_button=&#187;off&#187; button_letter_spacing=&#187;0&#8243; button_use_icon=&#187;default&#187; button_icon_placement=&#187;right&#187; button_on_hover=&#187;on&#187; button_letter_spacing_hover=&#187;0&#8243; border_radii=&#187;on|0px|0px|0px|0px&#187;][et_pb_contact_field field_title=&#187;Name&#187; field_type=&#187;input&#187; field_id=&#187;Name&#187; required_mark=&#187;on&#187; fullwidth_field=&#187;off&#187; \/][et_pb_contact_field field_title=&#187;Email Address&#187; field_type=&#187;email&#187; field_id=&#187;Email&#187; required_mark=&#187;on&#187; fullwidth_field=&#187;off&#187; \/][et_pb_contact_field field_title=&#187;Message&#187; field_type=&#187;text&#187; field_id=&#187;Message&#187; required_mark=&#187;on&#187; \/][\/et_pb_contact_form][\/et_pb_column][et_pb_column type=&#187;1_2&#8243; custom_padding=&#187;|||&#187;][et_pb_text admin_label=&#187;Text&#187; use_border_color=&#187;off&#187; border_color=&#187;#ffffff&#187; border_style=&#187;solid&#187; _builder_version=&#187;4.14.4&#8243; text_text_shadow_horizontal_length=&#187;text_text_shadow_style,%91object Object%93&#8243; text_text_shadow_horizontal_length_tablet=&#187;0px&#187; text_text_shadow_vertical_length=&#187;text_text_shadow_style,%91object Object%93&#8243; text_text_shadow_vertical_length_tablet=&#187;0px&#187; text_text_shadow_blur_strength=&#187;text_text_shadow_style,%91object Object%93&#8243; text_text_shadow_blur_strength_tablet=&#187;1px&#187; link_text_shadow_horizontal_length=&#187;link_text_shadow_style,%91object Object%93&#8243; link_text_shadow_horizontal_length_tablet=&#187;0px&#187; link_text_shadow_vertical_length=&#187;link_text_shadow_style,%91object Object%93&#8243; link_text_shadow_vertical_length_tablet=&#187;0px&#187; link_text_shadow_blur_strength=&#187;link_text_shadow_style,%91object Object%93&#8243; link_text_shadow_blur_strength_tablet=&#187;1px&#187; ul_text_shadow_horizontal_length=&#187;ul_text_shadow_style,%91object Object%93&#8243; ul_text_shadow_horizontal_length_tablet=&#187;0px&#187; ul_text_shadow_vertical_length=&#187;ul_text_shadow_style,%91object Object%93&#8243; ul_text_shadow_vertical_length_tablet=&#187;0px&#187; ul_text_shadow_blur_strength=&#187;ul_text_shadow_style,%91object Object%93&#8243; ul_text_shadow_blur_strength_tablet=&#187;1px&#187; ol_text_shadow_horizontal_length=&#187;ol_text_shadow_style,%91object Object%93&#8243; ol_text_shadow_horizontal_length_tablet=&#187;0px&#187; ol_text_shadow_vertical_length=&#187;ol_text_shadow_style,%91object Object%93&#8243; ol_text_shadow_vertical_length_tablet=&#187;0px&#187; ol_text_shadow_blur_strength=&#187;ol_text_shadow_style,%91object Object%93&#8243; ol_text_shadow_blur_strength_tablet=&#187;1px&#187; quote_text_shadow_horizontal_length=&#187;quote_text_shadow_style,%91object Object%93&#8243; quote_text_shadow_horizontal_length_tablet=&#187;0px&#187; quote_text_shadow_vertical_length=&#187;quote_text_shadow_style,%91object Object%93&#8243; quote_text_shadow_vertical_length_tablet=&#187;0px&#187; quote_text_shadow_blur_strength=&#187;quote_text_shadow_style,%91object Object%93&#8243; quote_text_shadow_blur_strength_tablet=&#187;1px&#187; header_text_shadow_horizontal_length=&#187;header_text_shadow_style,%91object Object%93&#8243; header_text_shadow_horizontal_length_tablet=&#187;0px&#187; header_text_shadow_vertical_length=&#187;header_text_shadow_style,%91object Object%93&#8243; header_text_shadow_vertical_length_tablet=&#187;0px&#187; header_text_shadow_blur_strength=&#187;header_text_shadow_style,%91object Object%93&#8243; header_text_shadow_blur_strength_tablet=&#187;1px&#187; header_2_text_shadow_horizontal_length=&#187;header_2_text_shadow_style,%91object Object%93&#8243; header_2_text_shadow_horizontal_length_tablet=&#187;0px&#187; header_2_text_shadow_vertical_length=&#187;header_2_text_shadow_style,%91object Object%93&#8243; header_2_text_shadow_vertical_length_tablet=&#187;0px&#187; header_2_text_shadow_blur_strength=&#187;header_2_text_shadow_style,%91object Object%93&#8243; header_2_text_shadow_blur_strength_tablet=&#187;1px&#187; header_3_text_shadow_horizontal_length=&#187;header_3_text_shadow_style,%91object Object%93&#8243; header_3_text_shadow_horizontal_length_tablet=&#187;0px&#187; header_3_text_shadow_vertical_length=&#187;header_3_text_shadow_style,%91object Object%93&#8243; header_3_text_shadow_vertical_length_tablet=&#187;0px&#187; header_3_text_shadow_blur_strength=&#187;header_3_text_shadow_style,%91object Object%93&#8243; header_3_text_shadow_blur_strength_tablet=&#187;1px&#187; header_4_text_shadow_horizontal_length=&#187;header_4_text_shadow_style,%91object Object%93&#8243; header_4_text_shadow_horizontal_length_tablet=&#187;0px&#187; header_4_text_shadow_vertical_length=&#187;header_4_text_shadow_style,%91object Object%93&#8243; header_4_text_shadow_vertical_length_tablet=&#187;0px&#187; header_4_text_shadow_blur_strength=&#187;header_4_text_shadow_style,%91object Object%93&#8243; header_4_text_shadow_blur_strength_tablet=&#187;1px&#187; header_5_text_shadow_horizontal_length=&#187;header_5_text_shadow_style,%91object Object%93&#8243; header_5_text_shadow_horizontal_length_tablet=&#187;0px&#187; header_5_text_shadow_vertical_length=&#187;header_5_text_shadow_style,%91object Object%93&#8243; header_5_text_shadow_vertical_length_tablet=&#187;0px&#187; header_5_text_shadow_blur_strength=&#187;header_5_text_shadow_style,%91object Object%93&#8243; header_5_text_shadow_blur_strength_tablet=&#187;1px&#187; header_6_text_shadow_horizontal_length=&#187;header_6_text_shadow_style,%91object Object%93&#8243; header_6_text_shadow_horizontal_length_tablet=&#187;0px&#187; header_6_text_shadow_vertical_length=&#187;header_6_text_shadow_style,%91object Object%93&#8243; header_6_text_shadow_vertical_length_tablet=&#187;0px&#187; header_6_text_shadow_blur_strength=&#187;header_6_text_shadow_style,%91object Object%93&#8243; header_6_text_shadow_blur_strength_tablet=&#187;1px&#187; box_shadow_horizontal_tablet=&#187;0px&#187; box_shadow_vertical_tablet=&#187;0px&#187; box_shadow_blur_tablet=&#187;40px&#187; box_shadow_spread_tablet=&#187;0px&#187; vertical_offset_tablet=&#187;0&#8243; horizontal_offset_tablet=&#187;0&#8243; z_index_tablet=&#187;0&#8243;]<\/p>\n<h3>Turkey<\/h3>\n<div class=\"et_pb_text et_pb_module et_pb_bg_layout_light et_pb_text_align_left et_pb_text_0\">\n<p><strong>GEN \u0130N\u015eAAT M\u0130MARLIK DEKORASYON SAN. VE T\u0130C. LTD. \u015eT\u0130.<br \/>Istanbul\u00a0Office: <\/strong>G\u00fclbahar Mah.\u00a0Otello Kamil Sok, Zeren Apt\u00a0No: 2\/4, Mecidiyek\u00f6y,\u00a0\u015ei\u015fli\u00a0\u0130stanbul,\u00a0Turkey<br \/><strong>Tel:<\/strong>\u00a0-90 212 216 1601\u00a0<strong>Mail:<\/strong>\u00a0info@genmer.net<\/p>\n<p><strong>GEN MERMER MADENC\u0130L\u0130K SAN. VE T\u0130C. LTD. \u015eT\u0130.<br \/><\/strong><strong>Denizli Factory: <\/strong>Pinarkent Mah. 208 Sk No: 1, Denizli, Turkey<br \/><strong>Tel:<\/strong>\u00a0-90 258 999 1852 <strong>Mail:<\/strong> hamit@genmer.net<\/p>\n<\/div>\n<hr class=\"et_pb_module et_pb_space et_pb_divider et_pb_divider_0 et-hide-mobile\" \/>\n<div class=\"et_pb_text et_pb_module et_pb_bg_layout_light et_pb_text_align_left et_pb_text_1\">\n<h3>Russia<\/h3>\n<p><strong>GENMAR LLC<br \/>Moscow\u00a0Office: <\/strong>Rumyantsevo, Sadovaya st. 83A\u00a0GP Moskovskiy,\u00a0Moscow, Russia\u00a0142784<br \/><strong>Tel:<\/strong>\u00a0+7499-5798972\u00a0 \u2013 \u00a0+7495-2155763 add. 127\u00a0 <strong>Mail:<\/strong> info@genmer.net<\/p>\n<p><strong>\u0410\u0434\u0440\u0435\u0441:<\/strong> \u041b\u0435\u043d\u0438\u043d\u0441\u043a\u0438\u0439 \u043f\u0440. \u0414.113\/1 \u043e\u0444\u0438\u0441 \u0415905. \u041c\u043e\u0441\u043a\u0432\u0430, \u0420\u043e\u0441\u0441\u0438\u044f. 117198.<br \/><strong>\u0422\u0435\u043b\u0435\u0444\u043e\u043d:<\/strong> +7926-0072979\u00a0\u00a0 +7495-2527427 <strong>\u041f\u043e\u0447\u0442\u0430:<\/strong> Info@genmer.net<\/p>\n<\/div>\n<p>[\/et_pb_text][\/et_pb_column][\/et_pb_row][\/et_pb_section]<\/p>","protected":false},"excerpt":{"rendered":"<p>Turkey GEN \u0130N\u015eAAT M\u0130MARLIK DEKORASYON SAN. VE T\u0130C. LTD. \u015eT\u0130.Istanbul\u00a0Office: G\u00fclbahar Mah.\u00a0Otello Kamil Sok, Zeren Apt\u00a0No: 2\/4, Mecidiyek\u00f6y,\u00a0\u015ei\u015fli\u00a0\u0130stanbul,\u00a0TurkeyTel:\u00a0-90 212 216 1601\u00a0Mail:\u00a0info@genmer.net GEN MERMER MADENC\u0130L\u0130K SAN. VE T\u0130C. LTD. \u015eT\u0130.Denizli Factory: Pinarkent Mah. 208 Sk No: 1, Denizli, TurkeyTel:\u00a0-90 258 999 1852 Mail: hamit@genmer.net Russia GENMAR LLCMoscow\u00a0Office: Rumyantsevo, Sadovaya st. 83A\u00a0GP Moskovskiy,\u00a0Moscow, Russia\u00a0142784Tel:\u00a0+7499-5798972\u00a0 \u2013 \u00a0+7495-2155763 add. [&hellip;]<\/p>\n","protected":false},"author":1,"featured_media":0,"parent":0,"menu_order":5,"comment_status":"closed","ping_status":"closed","template":"","meta":{"_et_pb_use_builder":"on","_et_pb_old_content":"","_et_gb_content_width":"","footnotes":""},"class_list":["post-807","page","type-page","status-publish","hentry"],"jetpack_sharing_enabled":true,"_links":{"self":[{"href":"http:\/\/genmer.net\/ru\/wp-json\/wp\/v2\/pages\/807"}],"collection":[{"href":"http:\/\/genmer.net\/ru\/wp-json\/wp\/v2\/pages"}],"about":[{"href":"http:\/\/genmer.net\/ru\/wp-json\/wp\/v2\/types\/page"}],"author":[{"embeddable":true,"href":"http:\/\/genmer.net\/ru\/wp-json\/wp\/v2\/users\/1"}],"replies":[{"embeddable":true,"href":"http:\/\/genmer.net\/ru\/wp-json\/wp\/v2\/comments?post=807"}],"version-history":[{"count":6,"href":"http:\/\/genmer.net\/ru\/wp-json\/wp\/v2\/pages\/807\/revisions"}],"predecessor-version":[{"id":1311,"href":"http:\/\/genmer.net\/ru\/wp-json\/wp\/v2\/pages\/807\/revisions\/1311"}],"wp:attachment":[{"href":"http:\/\/genmer.net\/ru\/wp-json\/wp\/v2\/media?parent=807"}],"curies":[{"name":"wp","href":"https:\/\/api.w.org\/{rel}","templated":true}]}}